{"id":3504,"date":"2023-08-04T14:30:11","date_gmt":"2023-08-04T07:30:11","guid":{"rendered":"https:\/\/beta.dka.asia\/message-du-president\/"},"modified":"2023-12-07T14:02:21","modified_gmt":"2023-12-07T07:02:21","slug":"message-du-president","status":"publish","type":"page","link":"https:\/\/beta.dka.asia\/fr\/message-du-president\/","title":{"rendered":"Message du Pr\u00e9sident"},"content":{"rendered":"\t\t<div data-elementor-type=\"wp-page\" data-elementor-id=\"3504\" class=\"elementor elementor-3504 elementor-124\" data-elementor-settings=\"{&quot;element_pack_global_tooltip_width&quot;:{&quot;unit&quot;:&quot;px&quot;,&quot;size&quot;:&quot;&quot;,&quot;sizes&quot;:[]},&quot;element_pack_global_tooltip_width_tablet&quot;:{&quot;unit&quot;:&quot;px&quot;,&quot;size&quot;:&quot;&quot;,&quot;sizes&quot;:[]},&quot;element_pack_global_tooltip_width_mobile&quot;:{&quot;unit&quot;:&quot;px&quot;,&quot;size&quot;:&quot;&quot;,&quot;sizes&quot;:[]},&quot;element_pack_global_tooltip_padding&quot;:{&quot;unit&quot;:&quot;px&quot;,&quot;top&quot;:&quot;&quot;,&quot;right&quot;:&quot;&quot;,&quot;bottom&quot;:&quot;&quot;,&quot;left&quot;:&quot;&quot;,&quot;isLinked&quot;:true},&quot;element_pack_global_tooltip_padding_tablet&quot;:{&quot;unit&quot;:&quot;px&quot;,&quot;top&quot;:&quot;&quot;,&quot;right&quot;:&quot;&quot;,&quot;bottom&quot;:&quot;&quot;,&quot;left&quot;:&quot;&quot;,&quot;isLinked&quot;:true},&quot;element_pack_global_tooltip_padding_mobile&quot;:{&quot;unit&quot;:&quot;px&quot;,&quot;top&quot;:&quot;&quot;,&quot;right&quot;:&quot;&quot;,&quot;bottom&quot;:&quot;&quot;,&quot;left&quot;:&quot;&quot;,&quot;isLinked&quot;:true},&quot;element_pack_global_tooltip_border_radius&quot;:{&quot;unit&quot;:&quot;px&quot;,&quot;top&quot;:&quot;&quot;,&quot;right&quot;:&quot;&quot;,&quot;bottom&quot;:&quot;&quot;,&quot;left&quot;:&quot;&quot;,&quot;isLinked&quot;:true},&quot;element_pack_global_tooltip_border_radius_tablet&quot;:{&quot;unit&quot;:&quot;px&quot;,&quot;top&quot;:&quot;&quot;,&quot;right&quot;:&quot;&quot;,&quot;bottom&quot;:&quot;&quot;,&quot;left&quot;:&quot;&quot;,&quot;isLinked&quot;:true},&quot;element_pack_global_tooltip_border_radius_mobile&quot;:{&quot;unit&quot;:&quot;px&quot;,&quot;top&quot;:&quot;&quot;,&quot;right&quot;:&quot;&quot;,&quot;bottom&quot;:&quot;&quot;,&quot;left&quot;:&quot;&quot;,&quot;isLinked&quot;:true}}\" data-elementor-post-type=\"page\">\n\t\t\t\t<div class=\"has_ae_slider elementor-element elementor-element-cb47cf4 e-flex e-con-boxed ae-bg-gallery-type-default e-con e-parent\" data-id=\"cb47cf4\" data-element_type=\"container\" data-e-type=\"container\" data-settings=\"{&quot;jet_parallax_layout_list&quot;:[],&quot;background_background&quot;:&quot;classic&quot;}\">\n\t\t\t\t\t<div class=\"e-con-inner\">\n\t\t<div class=\"has_ae_slider elementor-element elementor-element-9851094 e-con-full e-flex ae-bg-gallery-type-default e-con e-parent\" data-id=\"9851094\" data-element_type=\"container\" data-e-type=\"container\" data-settings=\"{&quot;jet_parallax_layout_list&quot;:[]}\">\n\t\t\t\t<div class=\"elementor-element elementor-element-bf1667d elementor-widget elementor-widget-ae-breadcrumb\" data-id=\"bf1667d\" data-element_type=\"widget\" data-e-type=\"widget\" data-widget_type=\"ae-breadcrumb.default\">\n\t\t\t\t<div class=\"elementor-widget-container\">\n\t\t\t\t\t<span><span><a href=\"https:\/\/beta.dka.asia\/fr\/pt-damai-karya-abadii\/\">Home<\/a><\/span><\/span>\t\t\t\t<\/div>\n\t\t\t\t<\/div>\n\t\t\t\t<div class=\"elementor-element elementor-element-588f04f elementor-widget elementor-widget-heading\" data-id=\"588f04f\" data-element_type=\"widget\" data-e-type=\"widget\" data-widget_type=\"heading.default\">\n\t\t\t\t<div class=\"elementor-widget-container\">\n\t\t\t\t\t<h2 class=\"elementor-heading-title elementor-size-default\">Bienvenue \u00e0 Damai Karya Abadi !\n<\/h2>\t\t\t\t<\/div>\n\t\t\t\t<\/div>\n\t\t\t\t<\/div>\n\t\t\t\t\t<\/div>\n\t\t\t\t<\/div>\n\t\t<div class=\"has_ae_slider elementor-element elementor-element-9381f1e e-flex e-con-boxed ae-bg-gallery-type-default e-con e-parent\" data-id=\"9381f1e\" data-element_type=\"container\" data-e-type=\"container\" data-settings=\"{&quot;jet_parallax_layout_list&quot;:[]}\">\n\t\t\t\t\t<div class=\"e-con-inner\">\n\t\t<div class=\"has_ae_slider elementor-element elementor-element-4549a31 e-con-full e-flex ae-bg-gallery-type-default e-con e-parent\" data-id=\"4549a31\" data-element_type=\"container\" data-e-type=\"container\" data-settings=\"{&quot;jet_parallax_layout_list&quot;:[]}\">\n\t\t\t\t<div class=\"elementor-element elementor-element-6138e56 elementor-widget elementor-widget-heading\" data-id=\"6138e56\" data-element_type=\"widget\" data-e-type=\"widget\" data-widget_type=\"heading.default\">\n\t\t\t\t<div class=\"elementor-widget-container\">\n\t\t\t\t\t<h3 class=\"elementor-heading-title elementor-size-default\">Message du Pr\u00e9sident<\/h3>\t\t\t\t<\/div>\n\t\t\t\t<\/div>\n\t\t<div class=\"has_ae_slider elementor-element elementor-element-58870dd e-con-full e-flex ae-bg-gallery-type-default e-con e-parent\" data-id=\"58870dd\" data-element_type=\"container\" data-e-type=\"container\" data-settings=\"{&quot;jet_parallax_layout_list&quot;:[]}\">\n\t\t\t\t<div class=\"elementor-element elementor-element-40e8436 elementor-widget__width-initial elementor-widget-mobile__width-inherit elementor-widget elementor-widget-image\" data-id=\"40e8436\" data-element_type=\"widget\" data-e-type=\"widget\" data-settings=\"{&quot;sticky&quot;:&quot;top&quot;,&quot;sticky_on&quot;:[&quot;desktop&quot;,&quot;tablet&quot;],&quot;sticky_offset&quot;:120,&quot;sticky_parent&quot;:&quot;yes&quot;,&quot;sticky_effects_offset&quot;:0,&quot;sticky_anchor_link_offset&quot;:0}\" data-widget_type=\"image.default\">\n\t\t\t\t<div class=\"elementor-widget-container\">\n\t\t\t\t\t\t\t\t\t\t\t\t\t\t\t<img fetchpriority=\"high\" decoding=\"async\" width=\"300\" height=\"385\" src=\"https:\/\/beta.dka.asia\/wp-content\/uploads\/2023\/09\/Dilip-Chugani.png\" class=\"attachment-large size-large wp-image-4198\" alt=\"\" srcset=\"https:\/\/beta.dka.asia\/wp-content\/uploads\/2023\/09\/Dilip-Chugani.png 300w, https:\/\/beta.dka.asia\/wp-content\/uploads\/2023\/09\/Dilip-Chugani-234x300.png 234w\" sizes=\"(max-width: 300px) 100vw, 300px\" \/>\t\t\t\t\t\t\t\t\t\t\t\t\t\t\t<\/div>\n\t\t\t\t<\/div>\n\t\t\t\t<div class=\"elementor-element elementor-element-f23275a elementor-widget__width-initial elementor-widget-mobile__width-inherit elementor-widget elementor-widget-text-editor\" data-id=\"f23275a\" data-element_type=\"widget\" data-e-type=\"widget\" data-widget_type=\"text-editor.default\">\n\t\t\t\t<div class=\"elementor-widget-container\">\n\t\t\t\t\t\t\t\t\t<p>Chez Damai Karya Abadi, notre priorit\u00e9 absolue est de maintenir un avantage concurrentiel, une efficacit\u00e9 op\u00e9rationnelle et une fiabilit\u00e9 in\u00e9branlable. En tant qu&rsquo;entreprise responsable, nous sommes tr\u00e8s fiers de notre engagement en mati\u00e8re de responsabilit\u00e9 d&rsquo;entreprise, qui sert de principe directeur \u00e0 notre organisation et \u00e0 notre \u00e9quipe d\u00e9vou\u00e9e.<\/p>\n<p>Garantir des exp\u00e9ditions dans les d\u00e9lais, r\u00e9pondre \u00e0 des sp\u00e9cifications pr\u00e9cises et proposer des prix comp\u00e9titifs sont les pierres angulaires de nos activit\u00e9s. Toutefois, ce qui nous distingue vraiment, c&rsquo;est notre volont\u00e9 de favoriser une croissance exponentielle \u00e0 long terme pour nos chers partenaires commerciaux et acheteurs. Nous croyons fermement \u00e0 l&rsquo;\u00e9tablissement de relations durables, et la coh\u00e9rence reste au c\u0153ur de nos activit\u00e9s.<\/p>\n<p>Alors que nous nous dirigeons vers l&rsquo;avenir, nous le faisons arm\u00e9s d&rsquo;informations inestimables recueillies aupr\u00e8s de nos partenaires dans le paysage en constante \u00e9volution des produits de grande consommation. Cette approche nous permet de r\u00e9pondre efficacement aux diverses demandes des consommateurs \u00e0 l&rsquo;\u00e9chelle mondiale.<\/p>\n<p>Notre succ\u00e8s repose sur une base financi\u00e8re solide, affin\u00e9e par des d\u00e9cennies d&rsquo;exp\u00e9rience, et un sens aigu des affaires transmis de g\u00e9n\u00e9ration en g\u00e9n\u00e9ration. Il s&rsquo;agit \u00e0 la fois d&rsquo;une rampe de lancement strat\u00e9gique et d&rsquo;une assurance pour tous ceux qui collaborent avec notre estim\u00e9 groupe.<\/p>\n<p>Je suis enthousiaste \u00e0 l&rsquo;id\u00e9e du chemin \u00e0 parcourir et je me r\u00e9jouis de partager avec vous notre succ\u00e8s continu. Je vous encourage \u00e0 vous embarquer avec nous dans ce voyage qui nous permettra de forger des partenariats durables et d&rsquo;atteindre de nouveaux sommets.<\/p>\n<p>Merci d&rsquo;avoir choisi Damai Karya Abadi.<\/p>\n\t\t\t\t\t\t\t\t<\/div>\n\t\t\t\t<\/div>\n\t\t\t\t<\/div>\n\t\t\t\t<\/div>\n\t\t\t\t\t<\/div>\n\t\t\t\t<\/div>\n\t\t<div class=\"has_ae_slider elementor-element elementor-element-17fa8fba e-flex e-con-boxed ae-bg-gallery-type-default e-con e-parent\" data-id=\"17fa8fba\" data-element_type=\"container\" data-e-type=\"container\" data-settings=\"{&quot;jet_parallax_layout_list&quot;:[],&quot;background_background&quot;:&quot;classic&quot;}\">\n\t\t\t\t\t<div class=\"e-con-inner\">\n\t\t<div class=\"has_ae_slider elementor-element elementor-element-68c619c2 e-con-full e-flex ae-bg-gallery-type-default e-con e-parent\" data-id=\"68c619c2\" data-element_type=\"container\" data-e-type=\"container\" data-settings=\"{&quot;jet_parallax_layout_list&quot;:[]}\">\n\t\t\t\t<div class=\"elementor-element elementor-element-51d52805 elementor-widget__width-initial elementor-widget-mobile__width-inherit elementor-widget elementor-widget-heading\" data-id=\"51d52805\" data-element_type=\"widget\" data-e-type=\"widget\" data-widget_type=\"heading.default\">\n\t\t\t\t<div class=\"elementor-widget-container\">\n\t\t\t\t\t<h3 class=\"elementor-heading-title elementor-size-default\">En savoir plus sur l'ACD\n<\/h3>\t\t\t\t<\/div>\n\t\t\t\t<\/div>\n\t\t\t\t<\/div>\n\t\t<div class=\"has_ae_slider elementor-element elementor-element-35d0b73d e-con-full e-flex ae-bg-gallery-type-default e-con e-parent\" data-id=\"35d0b73d\" data-element_type=\"container\" data-e-type=\"container\" data-settings=\"{&quot;jet_parallax_layout_list&quot;:[]}\">\n\t\t<div class=\"has_ae_slider elementor-element elementor-element-531dc904 e-con-full e-flex ae-bg-gallery-type-default e-con e-parent\" data-id=\"531dc904\" data-element_type=\"container\" data-e-type=\"container\" data-settings=\"{&quot;jet_parallax_layout_list&quot;:[]}\">\n\t\t\t\t<div class=\"elementor-element elementor-element-7ba586a1 bdt-item-transition-content elementor-widget elementor-widget-bdt-trailer-box\" data-id=\"7ba586a1\" data-element_type=\"widget\" data-e-type=\"widget\" data-widget_type=\"bdt-trailer-box.default\">\n\t\t\t\t<div class=\"elementor-widget-container\">\n\t\t\t\t\t\t\t\t<div class=\"elementor-background-overlay\"><\/div>\n\t\t\n\t\t\t\t\t<div onclick=\"window.open('https:\/\/beta.dka.asia\/company-profile\/','_self');\" style=\"cursor: pointer;\">\n\t\t\n\t\t\n\t\t\t<div class=\"bdt-trailer-box bdt-position-relative\">\n\t\t\t\t<div class=\"bdt-trailer-box-desc  bdt-position-bottom-left\">\n\t\t\t\t\t<div class=\"bdt-trailer-box-desc-inner\">\n\t\t\t\t\t\t\n\t\t\t\t\t\t\t\t\t\t\t\t\t<div class=\"bdt-trailer-box-title-wrap\">\n\t\t\t\t\t\t\t\t<h4 class=\"bdt-trailer-box-title\">\n\t\t\t\t\t\t\t\t\tProfil De La Soci\u00e9t\u00e9\t\t\t\t\t\t\t\t<\/h4>\n\t\t\t\t\t\t\t<\/div>\n\t\t\t\t\t\t\n\t\t\t\t\t\t\n\t\t\t\t\t\t\t\t\t\t\t\t\t\n\t\t\n\t\t\t\t\t\t\t\t\t\t\t\t\t<\/div>\n\t\t\t\t\t\n\t\t\t\t<\/div>\n\t\t\t\t\n\t\t\t<\/div>\n\n\t\t\t\n\t\t\t\t\t<\/div>\n\t\t\n\t\t\t\t\t\t<\/div>\n\t\t\t\t<\/div>\n\t\t\t\t<\/div>\n\t\t<div class=\"has_ae_slider elementor-element elementor-element-9619415 e-con-full e-flex ae-bg-gallery-type-default e-con e-parent\" data-id=\"9619415\" data-element_type=\"container\" data-e-type=\"container\" data-settings=\"{&quot;jet_parallax_layout_list&quot;:[]}\">\n\t\t\t\t<div class=\"elementor-element elementor-element-80fd98d bdt-item-transition-content elementor-widget elementor-widget-bdt-trailer-box\" data-id=\"80fd98d\" data-element_type=\"widget\" data-e-type=\"widget\" data-widget_type=\"bdt-trailer-box.default\">\n\t\t\t\t<div class=\"elementor-widget-container\">\n\t\t\t\t\t\t\t\t<div class=\"elementor-background-overlay\"><\/div>\n\t\t\n\t\t\t\t\t<div onclick=\"window.open('https:\/\/beta.dka.asia\/our-associates\/','_self');\" style=\"cursor: pointer;\">\n\t\t\n\t\t\n\t\t\t<div class=\"bdt-trailer-box bdt-position-relative\">\n\t\t\t\t<div class=\"bdt-trailer-box-desc  bdt-position-bottom-left\">\n\t\t\t\t\t<div class=\"bdt-trailer-box-desc-inner\">\n\t\t\t\t\t\t\n\t\t\t\t\t\t\t\t\t\t\t\t\t<div class=\"bdt-trailer-box-title-wrap\">\n\t\t\t\t\t\t\t\t<h4 class=\"bdt-trailer-box-title\">\n\t\t\t\t\t\t\t\t\tNos associ\u00e9s\t\t\t\t\t\t\t\t<\/h4>\n\t\t\t\t\t\t\t<\/div>\n\t\t\t\t\t\t\n\t\t\t\t\t\t\n\t\t\t\t\t\t\t\t\t\t\t\t\t\n\t\t\n\t\t\t\t\t\t\t\t\t\t\t\t\t<\/div>\n\t\t\t\t\t\n\t\t\t\t<\/div>\n\t\t\t\t\n\t\t\t<\/div>\n\n\t\t\t\n\t\t\t\t\t<\/div>\n\t\t\n\t\t\t\t\t\t<\/div>\n\t\t\t\t<\/div>\n\t\t\t\t<\/div>\n\t\t\t\t<\/div>\n\t\t\t\t\t<\/div>\n\t\t\t\t<\/div>\n\t\t\t\t<\/div>\n\t\t","protected":false},"excerpt":{"rendered":"<p>Home Bienvenue \u00e0 Damai Karya Abadi ! Message du Pr\u00e9sident Chez Damai Karya Abadi, notre priorit\u00e9 absolue est de maintenir un avantage [&hellip;]<\/p>\n","protected":false},"author":1,"featured_media":0,"parent":0,"menu_order":0,"comment_status":"closed","ping_status":"closed","template":"","meta":{"_acf_changed":false,"footnotes":""},"class_list":["post-3504","page","type-page","status-publish","hentry"],"acf":[],"yoast_head":"<!-- This site is optimized with the Yoast SEO Premium plugin v26.6 (Yoast SEO v27.4) - https:\/\/yoast.com\/product\/yoast-seo-premium-wordpress\/ -->\n<title>Message du Pr\u00e9sident - PT Damai Karya Abadi<\/title>\n<meta name=\"robots\" content=\"noindex, follow, max-snippet:-1, max-image-preview:large, max-video-preview:-1\" \/>\n<meta property=\"og:locale\" content=\"fr_FR\" \/>\n<meta property=\"og:type\" content=\"article\" \/>\n<meta property=\"og:title\" content=\"Message du Pr\u00e9sident\" \/>\n<meta property=\"og:description\" content=\"Home Bienvenue \u00e0 Damai Karya Abadi ! Message du Pr\u00e9sident Chez Damai Karya Abadi, notre priorit\u00e9 absolue est de maintenir un avantage [&hellip;]\" \/>\n<meta property=\"og:url\" content=\"https:\/\/beta.dka.asia\/fr\/message-du-president\/\" \/>\n<meta property=\"og:site_name\" content=\"PT Damai Karya Abadi\" \/>\n<meta property=\"article:modified_time\" content=\"2023-12-07T07:02:21+00:00\" \/>\n<meta property=\"og:image\" content=\"https:\/\/beta.dka.asia\/wp-content\/uploads\/2023\/09\/Dilip-Chugani.png\" \/>\n<meta name=\"twitter:card\" content=\"summary_large_image\" \/>\n<meta name=\"twitter:label1\" content=\"Dur\u00e9e de lecture estim\u00e9e\" \/>\n\t<meta name=\"twitter:data1\" content=\"2 minutes\" \/>\n<script type=\"application\/ld+json\" class=\"yoast-schema-graph\">{\"@context\":\"https:\\\/\\\/schema.org\",\"@graph\":[{\"@type\":\"WebPage\",\"@id\":\"https:\\\/\\\/beta.dka.asia\\\/fr\\\/message-du-president\\\/\",\"url\":\"https:\\\/\\\/beta.dka.asia\\\/fr\\\/message-du-president\\\/\",\"name\":\"Message du Pr\u00e9sident - PT Damai Karya Abadi\",\"isPartOf\":{\"@id\":\"https:\\\/\\\/beta.dka.asia\\\/#website\"},\"primaryImageOfPage\":{\"@id\":\"https:\\\/\\\/beta.dka.asia\\\/fr\\\/message-du-president\\\/#primaryimage\"},\"image\":{\"@id\":\"https:\\\/\\\/beta.dka.asia\\\/fr\\\/message-du-president\\\/#primaryimage\"},\"thumbnailUrl\":\"https:\\\/\\\/beta.dka.asia\\\/wp-content\\\/uploads\\\/2023\\\/09\\\/Dilip-Chugani.png\",\"datePublished\":\"2023-08-04T07:30:11+00:00\",\"dateModified\":\"2023-12-07T07:02:21+00:00\",\"breadcrumb\":{\"@id\":\"https:\\\/\\\/beta.dka.asia\\\/fr\\\/message-du-president\\\/#breadcrumb\"},\"inLanguage\":\"fr-FR\",\"potentialAction\":[{\"@type\":\"ReadAction\",\"target\":[\"https:\\\/\\\/beta.dka.asia\\\/fr\\\/message-du-president\\\/\"]}]},{\"@type\":\"ImageObject\",\"inLanguage\":\"fr-FR\",\"@id\":\"https:\\\/\\\/beta.dka.asia\\\/fr\\\/message-du-president\\\/#primaryimage\",\"url\":\"https:\\\/\\\/beta.dka.asia\\\/wp-content\\\/uploads\\\/2023\\\/09\\\/Dilip-Chugani.png\",\"contentUrl\":\"https:\\\/\\\/beta.dka.asia\\\/wp-content\\\/uploads\\\/2023\\\/09\\\/Dilip-Chugani.png\"},{\"@type\":\"BreadcrumbList\",\"@id\":\"https:\\\/\\\/beta.dka.asia\\\/fr\\\/message-du-president\\\/#breadcrumb\",\"itemListElement\":[{\"@type\":\"ListItem\",\"position\":1,\"name\":\"Home\",\"item\":\"https:\\\/\\\/beta.dka.asia\\\/fr\\\/pt-damai-karya-abadii\\\/\"},{\"@type\":\"ListItem\",\"position\":2,\"name\":\"Message du Pr\u00e9sident\"}]},{\"@type\":\"WebSite\",\"@id\":\"https:\\\/\\\/beta.dka.asia\\\/#website\",\"url\":\"https:\\\/\\\/beta.dka.asia\\\/\",\"name\":\"PT Damai Karya Abadi\",\"description\":\"Import Export Company that specializes in FMCG, Confectionery, Toiletries, Sundries, Consumer Goods, Body care, Skin care\",\"publisher\":{\"@id\":\"https:\\\/\\\/beta.dka.asia\\\/#organization\"},\"potentialAction\":[{\"@type\":\"SearchAction\",\"target\":{\"@type\":\"EntryPoint\",\"urlTemplate\":\"https:\\\/\\\/beta.dka.asia\\\/?s={search_term_string}\"},\"query-input\":{\"@type\":\"PropertyValueSpecification\",\"valueRequired\":true,\"valueName\":\"search_term_string\"}}],\"inLanguage\":\"fr-FR\"},{\"@type\":\"Organization\",\"@id\":\"https:\\\/\\\/beta.dka.asia\\\/#organization\",\"name\":\"PT Damai Karya Abadi\",\"url\":\"https:\\\/\\\/beta.dka.asia\\\/\",\"logo\":{\"@type\":\"ImageObject\",\"inLanguage\":\"fr-FR\",\"@id\":\"https:\\\/\\\/beta.dka.asia\\\/#\\\/schema\\\/logo\\\/image\\\/\",\"url\":\"https:\\\/\\\/beta.dka.asia\\\/wp-content\\\/uploads\\\/2023\\\/08\\\/Logoin.png\",\"contentUrl\":\"https:\\\/\\\/beta.dka.asia\\\/wp-content\\\/uploads\\\/2023\\\/08\\\/Logoin.png\",\"width\":569,\"height\":108,\"caption\":\"PT Damai Karya Abadi\"},\"image\":{\"@id\":\"https:\\\/\\\/beta.dka.asia\\\/#\\\/schema\\\/logo\\\/image\\\/\"}}]}<\/script>\n<!-- \/ Yoast SEO Premium plugin. -->","yoast_head_json":{"title":"Message du Pr\u00e9sident - PT Damai Karya Abadi","robots":{"index":"noindex","follow":"follow","max-snippet":"max-snippet:-1","max-image-preview":"max-image-preview:large","max-video-preview":"max-video-preview:-1"},"og_locale":"fr_FR","og_type":"article","og_title":"Message du Pr\u00e9sident","og_description":"Home Bienvenue \u00e0 Damai Karya Abadi ! Message du Pr\u00e9sident Chez Damai Karya Abadi, notre priorit\u00e9 absolue est de maintenir un avantage [&hellip;]","og_url":"https:\/\/beta.dka.asia\/fr\/message-du-president\/","og_site_name":"PT Damai Karya Abadi","article_modified_time":"2023-12-07T07:02:21+00:00","og_image":[{"url":"https:\/\/beta.dka.asia\/wp-content\/uploads\/2023\/09\/Dilip-Chugani.png","type":"","width":"","height":""}],"twitter_card":"summary_large_image","twitter_misc":{"Dur\u00e9e de lecture estim\u00e9e":"2 minutes"},"schema":{"@context":"https:\/\/schema.org","@graph":[{"@type":"WebPage","@id":"https:\/\/beta.dka.asia\/fr\/message-du-president\/","url":"https:\/\/beta.dka.asia\/fr\/message-du-president\/","name":"Message du Pr\u00e9sident - PT Damai Karya Abadi","isPartOf":{"@id":"https:\/\/beta.dka.asia\/#website"},"primaryImageOfPage":{"@id":"https:\/\/beta.dka.asia\/fr\/message-du-president\/#primaryimage"},"image":{"@id":"https:\/\/beta.dka.asia\/fr\/message-du-president\/#primaryimage"},"thumbnailUrl":"https:\/\/beta.dka.asia\/wp-content\/uploads\/2023\/09\/Dilip-Chugani.png","datePublished":"2023-08-04T07:30:11+00:00","dateModified":"2023-12-07T07:02:21+00:00","breadcrumb":{"@id":"https:\/\/beta.dka.asia\/fr\/message-du-president\/#breadcrumb"},"inLanguage":"fr-FR","potentialAction":[{"@type":"ReadAction","target":["https:\/\/beta.dka.asia\/fr\/message-du-president\/"]}]},{"@type":"ImageObject","inLanguage":"fr-FR","@id":"https:\/\/beta.dka.asia\/fr\/message-du-president\/#primaryimage","url":"https:\/\/beta.dka.asia\/wp-content\/uploads\/2023\/09\/Dilip-Chugani.png","contentUrl":"https:\/\/beta.dka.asia\/wp-content\/uploads\/2023\/09\/Dilip-Chugani.png"},{"@type":"BreadcrumbList","@id":"https:\/\/beta.dka.asia\/fr\/message-du-president\/#breadcrumb","itemListElement":[{"@type":"ListItem","position":1,"name":"Home","item":"https:\/\/beta.dka.asia\/fr\/pt-damai-karya-abadii\/"},{"@type":"ListItem","position":2,"name":"Message du Pr\u00e9sident"}]},{"@type":"WebSite","@id":"https:\/\/beta.dka.asia\/#website","url":"https:\/\/beta.dka.asia\/","name":"PT Damai Karya Abadi","description":"Import Export Company that specializes in FMCG, Confectionery, Toiletries, Sundries, Consumer Goods, Body care, Skin care","publisher":{"@id":"https:\/\/beta.dka.asia\/#organization"},"potentialAction":[{"@type":"SearchAction","target":{"@type":"EntryPoint","urlTemplate":"https:\/\/beta.dka.asia\/?s={search_term_string}"},"query-input":{"@type":"PropertyValueSpecification","valueRequired":true,"valueName":"search_term_string"}}],"inLanguage":"fr-FR"},{"@type":"Organization","@id":"https:\/\/beta.dka.asia\/#organization","name":"PT Damai Karya Abadi","url":"https:\/\/beta.dka.asia\/","logo":{"@type":"ImageObject","inLanguage":"fr-FR","@id":"https:\/\/beta.dka.asia\/#\/schema\/logo\/image\/","url":"https:\/\/beta.dka.asia\/wp-content\/uploads\/2023\/08\/Logoin.png","contentUrl":"https:\/\/beta.dka.asia\/wp-content\/uploads\/2023\/08\/Logoin.png","width":569,"height":108,"caption":"PT Damai Karya Abadi"},"image":{"@id":"https:\/\/beta.dka.asia\/#\/schema\/logo\/image\/"}}]}},"_links":{"self":[{"href":"https:\/\/beta.dka.asia\/fr\/wp-json\/wp\/v2\/pages\/3504","targetHints":{"allow":["GET"]}}],"collection":[{"href":"https:\/\/beta.dka.asia\/fr\/wp-json\/wp\/v2\/pages"}],"about":[{"href":"https:\/\/beta.dka.asia\/fr\/wp-json\/wp\/v2\/types\/page"}],"author":[{"embeddable":true,"href":"https:\/\/beta.dka.asia\/fr\/wp-json\/wp\/v2\/users\/1"}],"replies":[{"embeddable":true,"href":"https:\/\/beta.dka.asia\/fr\/wp-json\/wp\/v2\/comments?post=3504"}],"version-history":[{"count":0,"href":"https:\/\/beta.dka.asia\/fr\/wp-json\/wp\/v2\/pages\/3504\/revisions"}],"wp:attachment":[{"href":"https:\/\/beta.dka.asia\/fr\/wp-json\/wp\/v2\/media?parent=3504"}],"curies":[{"name":"wp","href":"https:\/\/api.w.org\/{rel}","templated":true}]}}