{"id":3512,"date":"2023-08-04T14:30:11","date_gmt":"2023-08-04T07:30:11","guid":{"rendered":"https:\/\/beta.dka.asia\/mensaje-del-presidente\/"},"modified":"2023-09-07T21:45:34","modified_gmt":"2023-09-07T14:45:34","slug":"mensaje-del-presidente","status":"publish","type":"page","link":"https:\/\/beta.dka.asia\/es\/mensaje-del-presidente\/","title":{"rendered":"Mensaje Del Presidente"},"content":{"rendered":"\t\t<div data-elementor-type=\"wp-page\" data-elementor-id=\"3512\" class=\"elementor elementor-3512 elementor-124\" data-elementor-settings=\"{&quot;element_pack_global_tooltip_width&quot;:{&quot;unit&quot;:&quot;px&quot;,&quot;size&quot;:&quot;&quot;,&quot;sizes&quot;:[]},&quot;element_pack_global_tooltip_width_tablet&quot;:{&quot;unit&quot;:&quot;px&quot;,&quot;size&quot;:&quot;&quot;,&quot;sizes&quot;:[]},&quot;element_pack_global_tooltip_width_mobile&quot;:{&quot;unit&quot;:&quot;px&quot;,&quot;size&quot;:&quot;&quot;,&quot;sizes&quot;:[]},&quot;element_pack_global_tooltip_padding&quot;:{&quot;unit&quot;:&quot;px&quot;,&quot;top&quot;:&quot;&quot;,&quot;right&quot;:&quot;&quot;,&quot;bottom&quot;:&quot;&quot;,&quot;left&quot;:&quot;&quot;,&quot;isLinked&quot;:true},&quot;element_pack_global_tooltip_padding_tablet&quot;:{&quot;unit&quot;:&quot;px&quot;,&quot;top&quot;:&quot;&quot;,&quot;right&quot;:&quot;&quot;,&quot;bottom&quot;:&quot;&quot;,&quot;left&quot;:&quot;&quot;,&quot;isLinked&quot;:true},&quot;element_pack_global_tooltip_padding_mobile&quot;:{&quot;unit&quot;:&quot;px&quot;,&quot;top&quot;:&quot;&quot;,&quot;right&quot;:&quot;&quot;,&quot;bottom&quot;:&quot;&quot;,&quot;left&quot;:&quot;&quot;,&quot;isLinked&quot;:true},&quot;element_pack_global_tooltip_border_radius&quot;:{&quot;unit&quot;:&quot;px&quot;,&quot;top&quot;:&quot;&quot;,&quot;right&quot;:&quot;&quot;,&quot;bottom&quot;:&quot;&quot;,&quot;left&quot;:&quot;&quot;,&quot;isLinked&quot;:true},&quot;element_pack_global_tooltip_border_radius_tablet&quot;:{&quot;unit&quot;:&quot;px&quot;,&quot;top&quot;:&quot;&quot;,&quot;right&quot;:&quot;&quot;,&quot;bottom&quot;:&quot;&quot;,&quot;left&quot;:&quot;&quot;,&quot;isLinked&quot;:true},&quot;element_pack_global_tooltip_border_radius_mobile&quot;:{&quot;unit&quot;:&quot;px&quot;,&quot;top&quot;:&quot;&quot;,&quot;right&quot;:&quot;&quot;,&quot;bottom&quot;:&quot;&quot;,&quot;left&quot;:&quot;&quot;,&quot;isLinked&quot;:true}}\" data-elementor-post-type=\"page\">\n\t\t\t\t<div class=\"has_ae_slider elementor-element elementor-element-cb47cf4 e-flex e-con-boxed ae-bg-gallery-type-default e-con e-parent\" data-id=\"cb47cf4\" data-element_type=\"container\" data-e-type=\"container\" data-settings=\"{&quot;jet_parallax_layout_list&quot;:[],&quot;background_background&quot;:&quot;classic&quot;}\">\n\t\t\t\t\t<div class=\"e-con-inner\">\n\t\t<div class=\"has_ae_slider elementor-element elementor-element-9851094 e-con-full e-flex ae-bg-gallery-type-default e-con e-parent\" data-id=\"9851094\" data-element_type=\"container\" data-e-type=\"container\" data-settings=\"{&quot;jet_parallax_layout_list&quot;:[]}\">\n\t\t\t\t<div class=\"elementor-element elementor-element-bf1667d elementor-widget elementor-widget-ae-breadcrumb\" data-id=\"bf1667d\" data-element_type=\"widget\" data-e-type=\"widget\" data-widget_type=\"ae-breadcrumb.default\">\n\t\t\t\t<div class=\"elementor-widget-container\">\n\t\t\t\t\t<span><span><a href=\"https:\/\/beta.dka.asia\/es\/pt-damai-karya-abadi\/\">Home<\/a><\/span><\/span>\t\t\t\t<\/div>\n\t\t\t\t<\/div>\n\t\t\t\t<div class=\"elementor-element elementor-element-588f04f elementor-widget elementor-widget-heading\" data-id=\"588f04f\" data-element_type=\"widget\" data-e-type=\"widget\" data-widget_type=\"heading.default\">\n\t\t\t\t<div class=\"elementor-widget-container\">\n\t\t\t\t\t<h2 class=\"elementor-heading-title elementor-size-default\">\u00a1Bienvenido a Damai Karya Abadi!\n<\/h2>\t\t\t\t<\/div>\n\t\t\t\t<\/div>\n\t\t\t\t<\/div>\n\t\t\t\t\t<\/div>\n\t\t\t\t<\/div>\n\t\t<div class=\"has_ae_slider elementor-element elementor-element-9381f1e e-flex e-con-boxed ae-bg-gallery-type-default e-con e-parent\" data-id=\"9381f1e\" data-element_type=\"container\" data-e-type=\"container\" data-settings=\"{&quot;jet_parallax_layout_list&quot;:[]}\">\n\t\t\t\t\t<div class=\"e-con-inner\">\n\t\t<div class=\"has_ae_slider elementor-element elementor-element-4549a31 e-con-full e-flex ae-bg-gallery-type-default e-con e-parent\" data-id=\"4549a31\" data-element_type=\"container\" data-e-type=\"container\" data-settings=\"{&quot;jet_parallax_layout_list&quot;:[]}\">\n\t\t\t\t<div class=\"elementor-element elementor-element-6138e56 elementor-widget elementor-widget-heading\" data-id=\"6138e56\" data-element_type=\"widget\" data-e-type=\"widget\" data-widget_type=\"heading.default\">\n\t\t\t\t<div class=\"elementor-widget-container\">\n\t\t\t\t\t<h3 class=\"elementor-heading-title elementor-size-default\">Mensaje Del Presidente<\/h3>\t\t\t\t<\/div>\n\t\t\t\t<\/div>\n\t\t\t\t<div class=\"elementor-element elementor-element-40e8436 elementor-widget__width-initial elementor-widget-mobile__width-inherit elementor-widget elementor-widget-image\" data-id=\"40e8436\" data-element_type=\"widget\" data-e-type=\"widget\" data-widget_type=\"image.default\">\n\t\t\t\t<div class=\"elementor-widget-container\">\n\t\t\t\t\t\t\t\t\t\t\t\t\t\t\t<img fetchpriority=\"high\" decoding=\"async\" width=\"300\" height=\"385\" src=\"https:\/\/beta.dka.asia\/wp-content\/uploads\/2023\/09\/Dilip-Chugani.png\" class=\"attachment-large size-large wp-image-4200\" alt=\"\" srcset=\"https:\/\/beta.dka.asia\/wp-content\/uploads\/2023\/09\/Dilip-Chugani.png 300w, https:\/\/beta.dka.asia\/wp-content\/uploads\/2023\/09\/Dilip-Chugani-234x300.png 234w\" sizes=\"(max-width: 300px) 100vw, 300px\" \/>\t\t\t\t\t\t\t\t\t\t\t\t\t\t\t<\/div>\n\t\t\t\t<\/div>\n\t\t\t\t<div class=\"elementor-element elementor-element-f23275a elementor-widget__width-initial elementor-widget-mobile__width-inherit elementor-widget elementor-widget-text-editor\" data-id=\"f23275a\" data-element_type=\"widget\" data-e-type=\"widget\" data-widget_type=\"text-editor.default\">\n\t\t\t\t<div class=\"elementor-widget-container\">\n\t\t\t\t\t\t\t\t\t<p>En Damai Karya Abadi, nuestro objetivo constante es mantener una ventaja competitiva, la eficiencia operativa y una fiabilidad inquebrantable. Como entidad corporativa responsable, nos enorgullece enormemente nuestro compromiso con la Responsabilidad Corporativa, que sirve de principio rector para nuestra organizaci\u00f3n y nuestro entregado equipo.<\/p>\n<p>Garantizar env\u00edos puntuales, cumplir especificaciones exactas y ofrecer precios competitivos son las piedras angulares de nuestras operaciones. Sin embargo, lo que realmente nos diferencia es nuestra dedicaci\u00f3n a fomentar el crecimiento exponencial de nuestros estimados socios comerciales y compradores a largo plazo. Creemos firmemente en la construcci\u00f3n de relaciones duraderas, y la coherencia sigue estando en el centro de nuestros objetivos.<\/p>\n<p>A medida que avanzamos hacia el futuro, lo hacemos armados con valiosos conocimientos obtenidos de nuestros socios en el panorama de los bienes de consumo en constante evoluci\u00f3n. Este planteamiento nos permite satisfacer eficazmente las diversas demandas de los consumidores a escala mundial.<\/p>\n<p>Nuestro \u00e9xito se sustenta en una s\u00f3lida base financiera, perfeccionada por d\u00e9cadas de experiencia, y en una aguda perspicacia empresarial transmitida de generaci\u00f3n en generaci\u00f3n. Esto sirve tanto de plataforma estrat\u00e9gica de lanzamiento como de garant\u00eda para todos los que colaboran con nuestro estimado grupo.<\/p>\n<p>Estoy entusiasmado con el viaje que tenemos por delante y espero compartir con ustedes nuestro \u00e9xito continuado. Les animo a embarcarse con nosotros en este viaje en el que forjaremos asociaciones duraderas y alcanzaremos nuevas cotas juntos.<\/p>\n<p>Gracias por elegir Damai Karya Abadi.<\/p>\n\t\t\t\t\t\t\t\t<\/div>\n\t\t\t\t<\/div>\n\t\t\t\t<\/div>\n\t\t\t\t\t<\/div>\n\t\t\t\t<\/div>\n\t\t<div class=\"has_ae_slider elementor-element elementor-element-17fa8fba e-flex e-con-boxed ae-bg-gallery-type-default e-con e-parent\" data-id=\"17fa8fba\" data-element_type=\"container\" data-e-type=\"container\" data-settings=\"{&quot;jet_parallax_layout_list&quot;:[],&quot;background_background&quot;:&quot;classic&quot;}\">\n\t\t\t\t\t<div class=\"e-con-inner\">\n\t\t<div class=\"has_ae_slider elementor-element elementor-element-68c619c2 e-con-full e-flex ae-bg-gallery-type-default e-con e-parent\" data-id=\"68c619c2\" data-element_type=\"container\" data-e-type=\"container\" data-settings=\"{&quot;jet_parallax_layout_list&quot;:[]}\">\n\t\t\t\t<div class=\"elementor-element elementor-element-51d52805 elementor-widget__width-initial elementor-widget-mobile__width-inherit elementor-widget elementor-widget-heading\" data-id=\"51d52805\" data-element_type=\"widget\" data-e-type=\"widget\" data-widget_type=\"heading.default\">\n\t\t\t\t<div class=\"elementor-widget-container\">\n\t\t\t\t\t<h3 class=\"elementor-heading-title elementor-size-default\">M\u00e1s informaci\u00f3n sobre el CAD\n<\/h3>\t\t\t\t<\/div>\n\t\t\t\t<\/div>\n\t\t\t\t<\/div>\n\t\t<div class=\"has_ae_slider elementor-element elementor-element-35d0b73d e-con-full e-flex ae-bg-gallery-type-default e-con e-parent\" data-id=\"35d0b73d\" data-element_type=\"container\" data-e-type=\"container\" data-settings=\"{&quot;jet_parallax_layout_list&quot;:[]}\">\n\t\t<div class=\"has_ae_slider elementor-element elementor-element-531dc904 e-con-full e-flex ae-bg-gallery-type-default e-con e-parent\" data-id=\"531dc904\" data-element_type=\"container\" data-e-type=\"container\" data-settings=\"{&quot;jet_parallax_layout_list&quot;:[]}\">\n\t\t\t\t<div class=\"elementor-element elementor-element-7ba586a1 bdt-item-transition-content elementor-widget elementor-widget-bdt-trailer-box\" data-id=\"7ba586a1\" data-element_type=\"widget\" data-e-type=\"widget\" data-widget_type=\"bdt-trailer-box.default\">\n\t\t\t\t<div class=\"elementor-widget-container\">\n\t\t\t\t\t\t\t\t<div class=\"elementor-background-overlay\"><\/div>\n\t\t\n\t\t\t\t\t<div onclick=\"window.open('https:\/\/beta.dka.asia\/company-profile\/','_self');\" style=\"cursor: pointer;\">\n\t\t\n\t\t\n\t\t\t<div class=\"bdt-trailer-box bdt-position-relative\">\n\t\t\t\t<div class=\"bdt-trailer-box-desc  bdt-position-bottom-left\">\n\t\t\t\t\t<div class=\"bdt-trailer-box-desc-inner\">\n\t\t\t\t\t\t\n\t\t\t\t\t\t\t\t\t\t\t\t\t<div class=\"bdt-trailer-box-title-wrap\">\n\t\t\t\t\t\t\t\t<h4 class=\"bdt-trailer-box-title\">\n\t\t\t\t\t\t\t\t\tProfil De La Soci\u00e9t\u00e9\t\t\t\t\t\t\t\t<\/h4>\n\t\t\t\t\t\t\t<\/div>\n\t\t\t\t\t\t\n\t\t\t\t\t\t\n\t\t\t\t\t\t\t\t\t\t\t\t\t\n\t\t\n\t\t\t\t\t\t\t\t\t\t\t\t\t<\/div>\n\t\t\t\t\t\n\t\t\t\t<\/div>\n\t\t\t\t\n\t\t\t<\/div>\n\n\t\t\t\n\t\t\t\t\t<\/div>\n\t\t\n\t\t\t\t\t\t<\/div>\n\t\t\t\t<\/div>\n\t\t\t\t<\/div>\n\t\t<div class=\"has_ae_slider elementor-element elementor-element-9619415 e-con-full e-flex ae-bg-gallery-type-default e-con e-parent\" data-id=\"9619415\" data-element_type=\"container\" data-e-type=\"container\" data-settings=\"{&quot;jet_parallax_layout_list&quot;:[]}\">\n\t\t\t\t<div class=\"elementor-element elementor-element-80fd98d bdt-item-transition-content elementor-widget elementor-widget-bdt-trailer-box\" data-id=\"80fd98d\" data-element_type=\"widget\" data-e-type=\"widget\" data-widget_type=\"bdt-trailer-box.default\">\n\t\t\t\t<div class=\"elementor-widget-container\">\n\t\t\t\t\t\t\t\t<div class=\"elementor-background-overlay\"><\/div>\n\t\t\n\t\t\t\t\t<div onclick=\"window.open('https:\/\/beta.dka.asia\/our-associates\/','_self');\" style=\"cursor: pointer;\">\n\t\t\n\t\t\n\t\t\t<div class=\"bdt-trailer-box bdt-position-relative\">\n\t\t\t\t<div class=\"bdt-trailer-box-desc  bdt-position-bottom-left\">\n\t\t\t\t\t<div class=\"bdt-trailer-box-desc-inner\">\n\t\t\t\t\t\t\n\t\t\t\t\t\t\t\t\t\t\t\t\t<div class=\"bdt-trailer-box-title-wrap\">\n\t\t\t\t\t\t\t\t<h4 class=\"bdt-trailer-box-title\">\n\t\t\t\t\t\t\t\t\tNuestros asociados\t\t\t\t\t\t\t\t<\/h4>\n\t\t\t\t\t\t\t<\/div>\n\t\t\t\t\t\t\n\t\t\t\t\t\t\n\t\t\t\t\t\t\t\t\t\t\t\t\t\n\t\t\n\t\t\t\t\t\t\t\t\t\t\t\t\t<\/div>\n\t\t\t\t\t\n\t\t\t\t<\/div>\n\t\t\t\t\n\t\t\t<\/div>\n\n\t\t\t\n\t\t\t\t\t<\/div>\n\t\t\n\t\t\t\t\t\t<\/div>\n\t\t\t\t<\/div>\n\t\t\t\t<\/div>\n\t\t\t\t<\/div>\n\t\t\t\t\t<\/div>\n\t\t\t\t<\/div>\n\t\t\t\t<\/div>\n\t\t","protected":false},"excerpt":{"rendered":"<p>Home \u00a1Bienvenido a Damai Karya Abadi! Mensaje Del Presidente En Damai Karya Abadi, nuestro objetivo constante es mantener una ventaja competitiva, la [&hellip;]<\/p>\n","protected":false},"author":1,"featured_media":0,"parent":0,"menu_order":0,"comment_status":"closed","ping_status":"closed","template":"","meta":{"_acf_changed":false,"footnotes":""},"class_list":["post-3512","page","type-page","status-publish","hentry"],"acf":[],"yoast_head":"<!-- This site is optimized with the Yoast SEO Premium plugin v26.6 (Yoast SEO v27.4) - https:\/\/yoast.com\/product\/yoast-seo-premium-wordpress\/ -->\n<title>Mensaje Del Presidente - PT Damai Karya Abadi<\/title>\n<meta name=\"robots\" content=\"noindex, follow, max-snippet:-1, max-image-preview:large, max-video-preview:-1\" \/>\n<meta property=\"og:locale\" content=\"es_ES\" \/>\n<meta property=\"og:type\" content=\"article\" \/>\n<meta property=\"og:title\" content=\"Mensaje Del Presidente\" \/>\n<meta property=\"og:description\" content=\"Home \u00a1Bienvenido a Damai Karya Abadi! Mensaje Del Presidente En Damai Karya Abadi, nuestro objetivo constante es mantener una ventaja competitiva, la [&hellip;]\" \/>\n<meta property=\"og:url\" content=\"https:\/\/beta.dka.asia\/chairmans-message\/\" \/>\n<meta property=\"og:site_name\" content=\"PT Damai Karya Abadi\" \/>\n<meta property=\"article:modified_time\" content=\"2023-09-07T14:45:34+00:00\" \/>\n<meta property=\"og:image\" content=\"https:\/\/beta.dka.asia\/wp-content\/uploads\/2023\/09\/Dilip-Chugani.png\" \/>\n<meta name=\"twitter:card\" content=\"summary_large_image\" \/>\n<meta name=\"twitter:label1\" content=\"Tiempo de lectura\" \/>\n\t<meta name=\"twitter:data1\" content=\"1 minuto\" \/>\n<script type=\"application\/ld+json\" class=\"yoast-schema-graph\">{\"@context\":\"https:\\\/\\\/schema.org\",\"@graph\":[{\"@type\":\"WebPage\",\"@id\":\"https:\\\/\\\/beta.dka.asia\\\/chairmans-message\\\/\",\"url\":\"https:\\\/\\\/beta.dka.asia\\\/chairmans-message\\\/\",\"name\":\"Mensaje Del Presidente - PT Damai Karya Abadi\",\"isPartOf\":{\"@id\":\"https:\\\/\\\/beta.dka.asia\\\/#website\"},\"primaryImageOfPage\":{\"@id\":\"https:\\\/\\\/beta.dka.asia\\\/chairmans-message\\\/#primaryimage\"},\"image\":{\"@id\":\"https:\\\/\\\/beta.dka.asia\\\/chairmans-message\\\/#primaryimage\"},\"thumbnailUrl\":\"https:\\\/\\\/beta.dka.asia\\\/wp-content\\\/uploads\\\/2023\\\/09\\\/Dilip-Chugani.png\",\"datePublished\":\"2023-08-04T07:30:11+00:00\",\"dateModified\":\"2023-09-07T14:45:34+00:00\",\"breadcrumb\":{\"@id\":\"https:\\\/\\\/beta.dka.asia\\\/chairmans-message\\\/#breadcrumb\"},\"inLanguage\":\"es\",\"potentialAction\":[{\"@type\":\"ReadAction\",\"target\":[\"https:\\\/\\\/beta.dka.asia\\\/chairmans-message\\\/\"]}]},{\"@type\":\"ImageObject\",\"inLanguage\":\"es\",\"@id\":\"https:\\\/\\\/beta.dka.asia\\\/chairmans-message\\\/#primaryimage\",\"url\":\"https:\\\/\\\/beta.dka.asia\\\/wp-content\\\/uploads\\\/2023\\\/09\\\/Dilip-Chugani.png\",\"contentUrl\":\"https:\\\/\\\/beta.dka.asia\\\/wp-content\\\/uploads\\\/2023\\\/09\\\/Dilip-Chugani.png\"},{\"@type\":\"BreadcrumbList\",\"@id\":\"https:\\\/\\\/beta.dka.asia\\\/chairmans-message\\\/#breadcrumb\",\"itemListElement\":[{\"@type\":\"ListItem\",\"position\":1,\"name\":\"Home\",\"item\":\"https:\\\/\\\/beta.dka.asia\\\/es\\\/pt-damai-karya-abadi\\\/\"},{\"@type\":\"ListItem\",\"position\":2,\"name\":\"Mensaje Del Presidente\"}]},{\"@type\":\"WebSite\",\"@id\":\"https:\\\/\\\/beta.dka.asia\\\/#website\",\"url\":\"https:\\\/\\\/beta.dka.asia\\\/\",\"name\":\"PT Damai Karya Abadi\",\"description\":\"Import Export Company that specializes in FMCG, Confectionery, Toiletries, Sundries, Consumer Goods, Body care, Skin care\",\"publisher\":{\"@id\":\"https:\\\/\\\/beta.dka.asia\\\/#organization\"},\"potentialAction\":[{\"@type\":\"SearchAction\",\"target\":{\"@type\":\"EntryPoint\",\"urlTemplate\":\"https:\\\/\\\/beta.dka.asia\\\/?s={search_term_string}\"},\"query-input\":{\"@type\":\"PropertyValueSpecification\",\"valueRequired\":true,\"valueName\":\"search_term_string\"}}],\"inLanguage\":\"es\"},{\"@type\":\"Organization\",\"@id\":\"https:\\\/\\\/beta.dka.asia\\\/#organization\",\"name\":\"PT Damai Karya Abadi\",\"url\":\"https:\\\/\\\/beta.dka.asia\\\/\",\"logo\":{\"@type\":\"ImageObject\",\"inLanguage\":\"es\",\"@id\":\"https:\\\/\\\/beta.dka.asia\\\/#\\\/schema\\\/logo\\\/image\\\/\",\"url\":\"https:\\\/\\\/beta.dka.asia\\\/wp-content\\\/uploads\\\/2023\\\/08\\\/Logoin.png\",\"contentUrl\":\"https:\\\/\\\/beta.dka.asia\\\/wp-content\\\/uploads\\\/2023\\\/08\\\/Logoin.png\",\"width\":569,\"height\":108,\"caption\":\"PT Damai Karya Abadi\"},\"image\":{\"@id\":\"https:\\\/\\\/beta.dka.asia\\\/#\\\/schema\\\/logo\\\/image\\\/\"}}]}<\/script>\n<!-- \/ Yoast SEO Premium plugin. -->","yoast_head_json":{"title":"Mensaje Del Presidente - PT Damai Karya Abadi","robots":{"index":"noindex","follow":"follow","max-snippet":"max-snippet:-1","max-image-preview":"max-image-preview:large","max-video-preview":"max-video-preview:-1"},"og_locale":"es_ES","og_type":"article","og_title":"Mensaje Del Presidente","og_description":"Home \u00a1Bienvenido a Damai Karya Abadi! Mensaje Del Presidente En Damai Karya Abadi, nuestro objetivo constante es mantener una ventaja competitiva, la [&hellip;]","og_url":"https:\/\/beta.dka.asia\/chairmans-message\/","og_site_name":"PT Damai Karya Abadi","article_modified_time":"2023-09-07T14:45:34+00:00","og_image":[{"url":"https:\/\/beta.dka.asia\/wp-content\/uploads\/2023\/09\/Dilip-Chugani.png","type":"","width":"","height":""}],"twitter_card":"summary_large_image","twitter_misc":{"Tiempo de lectura":"1 minuto"},"schema":{"@context":"https:\/\/schema.org","@graph":[{"@type":"WebPage","@id":"https:\/\/beta.dka.asia\/chairmans-message\/","url":"https:\/\/beta.dka.asia\/chairmans-message\/","name":"Mensaje Del Presidente - PT Damai Karya Abadi","isPartOf":{"@id":"https:\/\/beta.dka.asia\/#website"},"primaryImageOfPage":{"@id":"https:\/\/beta.dka.asia\/chairmans-message\/#primaryimage"},"image":{"@id":"https:\/\/beta.dka.asia\/chairmans-message\/#primaryimage"},"thumbnailUrl":"https:\/\/beta.dka.asia\/wp-content\/uploads\/2023\/09\/Dilip-Chugani.png","datePublished":"2023-08-04T07:30:11+00:00","dateModified":"2023-09-07T14:45:34+00:00","breadcrumb":{"@id":"https:\/\/beta.dka.asia\/chairmans-message\/#breadcrumb"},"inLanguage":"es","potentialAction":[{"@type":"ReadAction","target":["https:\/\/beta.dka.asia\/chairmans-message\/"]}]},{"@type":"ImageObject","inLanguage":"es","@id":"https:\/\/beta.dka.asia\/chairmans-message\/#primaryimage","url":"https:\/\/beta.dka.asia\/wp-content\/uploads\/2023\/09\/Dilip-Chugani.png","contentUrl":"https:\/\/beta.dka.asia\/wp-content\/uploads\/2023\/09\/Dilip-Chugani.png"},{"@type":"BreadcrumbList","@id":"https:\/\/beta.dka.asia\/chairmans-message\/#breadcrumb","itemListElement":[{"@type":"ListItem","position":1,"name":"Home","item":"https:\/\/beta.dka.asia\/es\/pt-damai-karya-abadi\/"},{"@type":"ListItem","position":2,"name":"Mensaje Del Presidente"}]},{"@type":"WebSite","@id":"https:\/\/beta.dka.asia\/#website","url":"https:\/\/beta.dka.asia\/","name":"PT Damai Karya Abadi","description":"Import Export Company that specializes in FMCG, Confectionery, Toiletries, Sundries, Consumer Goods, Body care, Skin care","publisher":{"@id":"https:\/\/beta.dka.asia\/#organization"},"potentialAction":[{"@type":"SearchAction","target":{"@type":"EntryPoint","urlTemplate":"https:\/\/beta.dka.asia\/?s={search_term_string}"},"query-input":{"@type":"PropertyValueSpecification","valueRequired":true,"valueName":"search_term_string"}}],"inLanguage":"es"},{"@type":"Organization","@id":"https:\/\/beta.dka.asia\/#organization","name":"PT Damai Karya Abadi","url":"https:\/\/beta.dka.asia\/","logo":{"@type":"ImageObject","inLanguage":"es","@id":"https:\/\/beta.dka.asia\/#\/schema\/logo\/image\/","url":"https:\/\/beta.dka.asia\/wp-content\/uploads\/2023\/08\/Logoin.png","contentUrl":"https:\/\/beta.dka.asia\/wp-content\/uploads\/2023\/08\/Logoin.png","width":569,"height":108,"caption":"PT Damai Karya Abadi"},"image":{"@id":"https:\/\/beta.dka.asia\/#\/schema\/logo\/image\/"}}]}},"_links":{"self":[{"href":"https:\/\/beta.dka.asia\/es\/wp-json\/wp\/v2\/pages\/3512","targetHints":{"allow":["GET"]}}],"collection":[{"href":"https:\/\/beta.dka.asia\/es\/wp-json\/wp\/v2\/pages"}],"about":[{"href":"https:\/\/beta.dka.asia\/es\/wp-json\/wp\/v2\/types\/page"}],"author":[{"embeddable":true,"href":"https:\/\/beta.dka.asia\/es\/wp-json\/wp\/v2\/users\/1"}],"replies":[{"embeddable":true,"href":"https:\/\/beta.dka.asia\/es\/wp-json\/wp\/v2\/comments?post=3512"}],"version-history":[{"count":0,"href":"https:\/\/beta.dka.asia\/es\/wp-json\/wp\/v2\/pages\/3512\/revisions"}],"wp:attachment":[{"href":"https:\/\/beta.dka.asia\/es\/wp-json\/wp\/v2\/media?parent=3512"}],"curies":[{"name":"wp","href":"https:\/\/api.w.org\/{rel}","templated":true}]}}